{"id":1095,"date":"2014-10-15T14:38:36","date_gmt":"2014-10-15T13:38:36","guid":{"rendered":"https:\/\/www.pltv.fr\/?page_id=1095"},"modified":"2020-06-07T12:33:12","modified_gmt":"2020-06-07T11:33:12","slug":"about-us","status":"publish","type":"page","link":"https:\/\/www.pltv.fr\/en\/about-us\/","title":{"rendered":"About PREMIERES LIGNES"},"content":{"rendered":"<h1>PREMIERES LIGNES<\/h1>\n<p>&nbsp;<\/p>\n<p><a href=\"https:\/\/www.pltv.fr\/wp-content\/uploads\/2014\/10\/YMK_4056.jpg\"><img loading=\"lazy\" decoding=\"async\" class=\"wp-image-9402 alignleft\" src=\"https:\/\/www.pltv.fr\/wp-content\/uploads\/2014\/10\/YMK_4056-683x1024.jpg\" alt=\"\" width=\"314\" height=\"471\" srcset=\"https:\/\/www.pltv.fr\/wp-content\/uploads\/2014\/10\/YMK_4056-683x1024.jpg 683w, https:\/\/www.pltv.fr\/wp-content\/uploads\/2014\/10\/YMK_4056-217x326.jpg 217w, https:\/\/www.pltv.fr\/wp-content\/uploads\/2014\/10\/YMK_4056-768x1152.jpg 768w, https:\/\/www.pltv.fr\/wp-content\/uploads\/2014\/10\/YMK_4056-650x975.jpg 650w\" sizes=\"(max-width: 314px) 100vw, 314px\" \/><\/a><\/p>\n<p>&nbsp;<\/p>\n<p><span style=\"color: #000000;\">Directed by award winning investigative reporters Paul Moreira and Luc Hermann, Premieres Lignes is an independent documentary production company headquarted in Paris.<\/span><\/p>\n<p><span style=\"color: #000000;\">Based on a global approach, Premieres Lignes\u2019 documentaries, investigations and current affairs magazines are broadcast worldwide and have been <a href=\"https:\/\/www.pltv.fr\/en\/category\/awards\/\">widely awarded<\/a> in many prestigious international festivals including<\/span> <a href=\"https:\/\/www.pltv.fr\/en\/church-code-of-silence\/\"><span style=\"color: #ff0000;\">Prix Europa<\/span><\/a>, <a href=\"https:\/\/www.pltv.fr\/en\/la-face-cachee-du-cacao\/\"><span style=\"color: #ff0000;\">FIGRA<\/span><\/a>, <a href=\"https:\/\/www.pltv.fr\/en\/green-warriorsparaguays-poisoned-fields\/\"><span style=\"color: #ff0000;\">The Rory Peck Award<\/span><\/a> <span style=\"color: #000000;\">and<\/span> <a href=\"https:\/\/www.pltv.fr\/en\/lenquete-sur-les-panama-papers-avec-cash-investigation-recoit-le-prix-pulitzer\/\"><span style=\"color: #ff0000;\">Pulitzer Prize<\/span><\/a>.<\/p>\n<p><span style=\"color: #000000;\">Premieres Lignes investigative reporters Edouard Perrin and Benoit Bringer have been awarded the Pulitzer Prize for their collaborative work on the Panama Papers investigation, along with our partner<\/span> <span style=\"color: #ff0000;\"><a href=\"https:\/\/panamapapers.icij.org\/20170410-pulitzer-prize.html\" target=\"_blank\" rel=\"noopener\"><span style=\"color: #ff0000;\">the International Consortium of Investigative Journalist (ICIJ)<\/span><\/a>.<\/span><\/p>\n<p><span style=\"color: #000000;\">Premi\u00e8res Lignes partner broadcasters include:<\/span> <a href=\"https:\/\/www.pltv.fr\/en\/bientot-sur-netflix\/\"><span style=\"color: #ff0000;\">NETLFIX<\/span><\/a>, <a href=\"https:\/\/www.bbc.com\/news\/uk-50194681\"><span style=\"color: #ff0000;\">BBC<\/span><\/a>, <a href=\"https:\/\/www.pltv.fr\/en\/three-days-of-terror-the-charlie-hebdo-attacks\/\"><span style=\"color: #ff0000;\">HBO<\/span><\/a>, <a href=\"https:\/\/www.pltv.fr\/en\/underhand-tactics-series\/\"><span style=\"color: #ff0000;\">France T\u00e9l\u00e9visions<\/span><\/a> <span style=\"color: #000000;\">(France 2, France 3, France 5, France 4),<\/span> <a href=\"https:\/\/www.pltv.fr\/en\/foreign-volunteersin-the-hell-of-raqqa\/\"><span style=\"color: #ff0000;\">Arte<\/span><\/a> <span style=\"color: #000000;\">(France \/ Germany),<\/span> <span style=\"color: #ff0000;\">CANAL+<\/span> <span style=\"color: #000000;\">(France),<\/span> <span style=\"color: #ff0000;\">RMC Story<\/span>, <span style=\"color: #ff0000;\">BBC Panorama<\/span>, <span style=\"color: #ff0000;\">Discovery Networks<\/span>, <span style=\"color: #ff0000;\">RTBF<\/span> (Belgium), <span style=\"color: #ff0000;\">RTS<\/span> <span style=\"color: #000000;\">and<\/span> <span style=\"color: #ff0000;\">RSI<\/span> <span style=\"color: #000000;\">(Switzerland),<\/span> <span style=\"color: #ff0000;\">ZDF<\/span> <span style=\"color: #000000;\">and<\/span> <span style=\"color: #ff0000;\">RTL<\/span> <span style=\"color: #000000;\">(Germany),<\/span> <span style=\"color: #ff0000;\">CBC <span style=\"color: #000000;\">and<\/span> T\u00e9l\u00e9 Qu\u00e9bec<\/span> <span style=\"color: #000000;\">(Canada),<\/span> <span style=\"color: #ff0000;\">ABC<\/span> <span style=\"color: #000000;\">and<\/span> <span style=\"color: #ff0000;\">SBS<\/span> <span style=\"color: #000000;\">(Australia)\u2026<\/span><\/p>\n<p><span style=\"color: #000000;\">Premieres Lignes makes thoughtful programmes that challenge viewers to reconsider what they know, lifting the veil of secrecy on events and issues that often live in shadows, and deciphering the double speak of political and corporate spin.<\/span><\/p>\n<p><span style=\"color: #000000;\">In the early 2000, Paul Moreira and Luc Hermann directed together the investigative programme \u201c90 Minutes\u201d on French network CANAL+. \u00a0Covering international controversies, wars and conflicts, multinational corporations, health stories, as well as national political stories, the programme spearheaded the emergence of a new investigative journalism in France.<\/span><\/p>\n<p><span style=\"color: #000000;\">Strongly dedicated to their mission of public interest and their role as democracy watchdogs, they launch in 2004 \u201cLibert\u00e9 d\u2019informer\u201d a campaign gathering journalists, parliament, law and civil society representatives in order to advocate a French Freedom of Information Act.<\/span><\/p>\n<p><span style=\"color: #000000;\">In 2006, they found Premieres Lignes, an independent production company and press agency. The managed to gather senior reporters and directors, experienced cameramen and editors. Their common ambition is to produce creative and pioneer narratives, constantly renewing the reporting and story telling. Sharing the same editorial ethics, senior and junior members of the team exchange ideas and know-how and attract talented freelance film makers.<br \/>\n<\/span><\/p>\n<p><span style=\"color: #000000;\">In 2011, Premieres Lignes initiated the investigation series <a href=\"https:\/\/www.pltv.fr\/en\/underhand-tactics-series\/\"><span style=\"color: #ff0000;\">CASH Investigation<\/span><\/a> for France 2 (French main public channel). Boldly mixing humor and rigorous fact-checking, these investigations quickly broke audience records in France. Premieres Lignes\u2019 edifying investigations are now aired on a monthly basis.<\/span><\/p>\n<p class=\"pEspace\" style=\"color: #000000;\"><span style=\"color: #000000;\">Premieres Lignes is a reporting partner of<\/span> <span style=\"color: #999999;\"><a style=\"color: #999999;\" href=\"http:\/\/www.icij.org\/\"><span style=\"color: #ff0000;\">the International Consortium of Investigative Journalism<\/span><\/a> <\/span><span style=\"color: #000000;\"><span style=\"color: #ff0000;\">(ICIJ) <\/span>and has initiated or contributed to major breaking news global investigations such as<\/span> <span style=\"color: #999999;\"><a style=\"color: #999999;\" href=\"https:\/\/www.pltv.fr\/en\/luxleaks-major-international-firms-using-luxemburg-for-tax-evasion\/\" target=\"_blank\" rel=\"noopener\"><span style=\"color: #ff0000;\">#LuxLeaks<\/span><\/a><span style=\"color: #ff0000;\"> , #PanamaPapers, #ParadisePapers, #ImplantFIles<\/span><\/span><span style=\"color: #ff0000;\">&#8230;<\/span><\/p>\n<p><span style=\"color: #000000;\">Pemieres Lignes\u2019 documentaries, investigations and current affairs magazines are widely distributed via our main international distributor <a href=\"http:\/\/www.javafilms.fr\/spip.php?page=recherche&amp;recherche=premieres+lignes&amp;x=0&amp;y=0\">Java Films<\/a>.<\/span><\/p>\n<p class=\"pEspace\">\n","protected":false},"excerpt":{"rendered":"<p>PREMIERES LIGNES &nbsp; &nbsp; Directed by award winning investigative reporters Paul Moreira and Luc Hermann, Premieres Lignes is an independent documentary production company headquarted in Paris. Based on a global approach, Premieres Lignes\u2019 documentaries, investigations and current affairs magazines are broadcast worldwide and have been widely awarded in many prestigious international festivals including Prix Europa,<\/p>\n<div class=\"read-more\"><a href=\"https:\/\/www.pltv.fr\/en\/about-us\/\" title=\"Lire la suite\">Lire la suite<\/a><\/div>\n","protected":false},"author":2,"featured_media":6172,"parent":0,"menu_order":0,"comment_status":"open","ping_status":"closed","template":"page-blocks.php","meta":{"_acf_changed":false,"footnotes":""},"acf":[],"_links":{"self":[{"href":"https:\/\/www.pltv.fr\/en\/wp-json\/wp\/v2\/pages\/1095"}],"collection":[{"href":"https:\/\/www.pltv.fr\/en\/wp-json\/wp\/v2\/pages"}],"about":[{"href":"https:\/\/www.pltv.fr\/en\/wp-json\/wp\/v2\/types\/page"}],"author":[{"embeddable":true,"href":"https:\/\/www.pltv.fr\/en\/wp-json\/wp\/v2\/users\/2"}],"replies":[{"embeddable":true,"href":"https:\/\/www.pltv.fr\/en\/wp-json\/wp\/v2\/comments?post=1095"}],"version-history":[{"count":48,"href":"https:\/\/www.pltv.fr\/en\/wp-json\/wp\/v2\/pages\/1095\/revisions"}],"predecessor-version":[{"id":10083,"href":"https:\/\/www.pltv.fr\/en\/wp-json\/wp\/v2\/pages\/1095\/revisions\/10083"}],"wp:featuredmedia":[{"embeddable":true,"href":"https:\/\/www.pltv.fr\/en\/wp-json\/wp\/v2\/media\/6172"}],"wp:attachment":[{"href":"https:\/\/www.pltv.fr\/en\/wp-json\/wp\/v2\/media?parent=1095"}],"curies":[{"name":"wp","href":"https:\/\/api.w.org\/{rel}","templated":true}]}}